{"id":4443,"date":"2023-06-30T09:50:35","date_gmt":"2023-06-30T09:50:35","guid":{"rendered":"https:\/\/treesistance.com\/?page_id=4443"},"modified":"2024-07-16T02:51:20","modified_gmt":"2024-07-16T02:51:20","slug":"takuara","status":"publish","type":"page","link":"https:\/\/treesistance.com\/pt\/takuara\/","title":{"rendered":"Takuara"},"content":{"rendered":"<div data-elementor-type=\"wp-page\" data-elementor-id=\"4443\" class=\"elementor elementor-4443\" data-elementor-post-type=\"page\">\n\t\t\t\t\t\t<section class=\"elementor-section elementor-top-section elementor-element elementor-element-17fdc96 elementor-section-height-min-height elementor-section-full_width elementor-section-stretched header-large elementor-section-height-default elementor-section-items-middle\" data-id=\"17fdc96\" data-element_type=\"section\" data-settings=\"{&quot;background_background&quot;:&quot;classic&quot;,&quot;stretch_section&quot;:&quot;section-stretched&quot;}\">\n\t\t\t\t\t\t\t<div class=\"elementor-background-overlay\"><\/div>\n\t\t\t\t\t\t\t<div class=\"elementor-container elementor-column-gap-default\">\n\t\t\t\t\t<div class=\"elementor-column elementor-col-100 elementor-top-column elementor-element elementor-element-2955154\" data-id=\"2955154\" data-element_type=\"column\">\n\t\t\t<div class=\"elementor-widget-wrap elementor-element-populated\">\n\t\t\t\t\t\t<div class=\"elementor-element elementor-element-796d24c elementor-widget elementor-widget-heading\" data-id=\"796d24c\" data-element_type=\"widget\" data-widget_type=\"heading.default\">\n\t\t\t\t<div class=\"elementor-widget-container\">\n\t\t\t\t\t<h2 class=\"elementor-heading-title elementor-size-default\">TAKUARA <\/h2>\t\t\t\t<\/div>\n\t\t\t\t<\/div>\n\t\t\t\t\t<\/div>\n\t\t<\/div>\n\t\t\t\t\t<\/div>\n\t\t<\/section>\n\t\t\t\t<section class=\"elementor-section elementor-top-section elementor-element elementor-element-1cba101 elementor-section-full_width elementor-section-stretched elementor-section-height-default elementor-section-height-default\" data-id=\"1cba101\" data-element_type=\"section\" data-settings=\"{&quot;stretch_section&quot;:&quot;section-stretched&quot;}\">\n\t\t\t\t\t\t<div class=\"elementor-container elementor-column-gap-default\">\n\t\t\t\t\t<div class=\"elementor-column elementor-col-100 elementor-top-column elementor-element elementor-element-c558182\" data-id=\"c558182\" data-element_type=\"column\">\n\t\t\t<div class=\"elementor-widget-wrap elementor-element-populated\">\n\t\t\t\t\t\t<section class=\"elementor-section elementor-inner-section elementor-element elementor-element-37b0acb elementor-section-boxed elementor-section-height-default elementor-section-height-default\" data-id=\"37b0acb\" data-element_type=\"section\">\n\t\t\t\t\t\t<div class=\"elementor-container elementor-column-gap-default\">\n\t\t\t\t\t<div class=\"elementor-column elementor-col-25 elementor-inner-column elementor-element elementor-element-1adcc3f\" data-id=\"1adcc3f\" data-element_type=\"column\">\n\t\t\t<div class=\"elementor-widget-wrap elementor-element-populated\">\n\t\t\t\t\t\t<div class=\"elementor-element elementor-element-b2b42f9 elementor-widget elementor-widget-heading\" data-id=\"b2b42f9\" data-element_type=\"widget\" data-widget_type=\"heading.default\">\n\t\t\t\t<div class=\"elementor-widget-container\">\n\t\t\t\t\t<h2 class=\"elementor-heading-title elementor-size-default\">250 Km<sup>2<\/sup>  Territ\u00f3rio<\/h2>\t\t\t\t<\/div>\n\t\t\t\t<\/div>\n\t\t\t\t\t<\/div>\n\t\t<\/div>\n\t\t\t\t<div class=\"elementor-column elementor-col-25 elementor-inner-column elementor-element elementor-element-5c3f3f9\" data-id=\"5c3f3f9\" data-element_type=\"column\">\n\t\t\t<div class=\"elementor-widget-wrap elementor-element-populated\">\n\t\t\t\t\t\t<div class=\"elementor-element elementor-element-f3c1aba elementor-widget elementor-widget-heading\" data-id=\"f3c1aba\" data-element_type=\"widget\" data-widget_type=\"heading.default\">\n\t\t\t\t<div class=\"elementor-widget-container\">\n\t\t\t\t\t<h2 class=\"elementor-heading-title elementor-size-default\">1 COMMUNITY<\/h2>\t\t\t\t<\/div>\n\t\t\t\t<\/div>\n\t\t\t\t\t<\/div>\n\t\t<\/div>\n\t\t\t\t<div class=\"elementor-column elementor-col-25 elementor-inner-column elementor-element elementor-element-0961fad\" data-id=\"0961fad\" data-element_type=\"column\">\n\t\t\t<div class=\"elementor-widget-wrap elementor-element-populated\">\n\t\t\t\t\t\t<div class=\"elementor-element elementor-element-de61c68 elementor-widget elementor-widget-heading\" data-id=\"de61c68\" data-element_type=\"widget\" data-widget_type=\"heading.default\">\n\t\t\t\t<div class=\"elementor-widget-container\">\n\t\t\t\t\t<h2 class=\"elementor-heading-title elementor-size-default\">Direito sobre a terra: aprovado<\/h2>\t\t\t\t<\/div>\n\t\t\t\t<\/div>\n\t\t\t\t\t<\/div>\n\t\t<\/div>\n\t\t\t\t<div class=\"elementor-column elementor-col-25 elementor-inner-column elementor-element elementor-element-f60345a\" data-id=\"f60345a\" data-element_type=\"column\">\n\t\t\t<div class=\"elementor-widget-wrap elementor-element-populated\">\n\t\t\t\t\t\t<div class=\"elementor-element elementor-element-b0583b7 elementor-widget elementor-widget-heading\" data-id=\"b0583b7\" data-element_type=\"widget\" data-widget_type=\"heading.default\">\n\t\t\t\t<div class=\"elementor-widget-container\">\n\t\t\t\t\t<h2 class=\"elementor-heading-title elementor-size-default\">Povo: Munduruku<\/h2>\t\t\t\t<\/div>\n\t\t\t\t<\/div>\n\t\t\t\t\t<\/div>\n\t\t<\/div>\n\t\t\t\t\t<\/div>\n\t\t<\/section>\n\t\t\t\t<section class=\"elementor-section elementor-inner-section elementor-element elementor-element-ab7b2fe elementor-section-boxed elementor-section-height-default elementor-section-height-default\" data-id=\"ab7b2fe\" data-element_type=\"section\">\n\t\t\t\t\t\t<div class=\"elementor-container elementor-column-gap-default\">\n\t\t\t\t\t<div class=\"elementor-column elementor-col-33 elementor-inner-column elementor-element elementor-element-78915b1\" data-id=\"78915b1\" data-element_type=\"column\">\n\t\t\t<div class=\"elementor-widget-wrap\">\n\t\t\t\t\t\t\t<\/div>\n\t\t<\/div>\n\t\t\t\t<div class=\"elementor-column elementor-col-33 elementor-inner-column elementor-element elementor-element-3e85861\" data-id=\"3e85861\" data-element_type=\"column\">\n\t\t\t<div class=\"elementor-widget-wrap elementor-element-populated\">\n\t\t\t\t\t\t<div class=\"elementor-element elementor-element-fc24dc9 e-transform elementor-widget elementor-widget-text-editor\" data-id=\"fc24dc9\" data-element_type=\"widget\" data-settings=\"{&quot;_transform_translateY_effect&quot;:{&quot;unit&quot;:&quot;px&quot;,&quot;size&quot;:-35,&quot;sizes&quot;:[]},&quot;_transform_translateY_effect_tablet&quot;:{&quot;unit&quot;:&quot;px&quot;,&quot;size&quot;:-60,&quot;sizes&quot;:[]},&quot;_transform_translateY_effect_mobile&quot;:{&quot;unit&quot;:&quot;px&quot;,&quot;size&quot;:0,&quot;sizes&quot;:[]},&quot;_transform_translateX_effect_mobile&quot;:{&quot;unit&quot;:&quot;px&quot;,&quot;size&quot;:0,&quot;sizes&quot;:[]},&quot;_transform_translateX_effect&quot;:{&quot;unit&quot;:&quot;px&quot;,&quot;size&quot;:&quot;&quot;,&quot;sizes&quot;:[]},&quot;_transform_translateX_effect_tablet&quot;:{&quot;unit&quot;:&quot;px&quot;,&quot;size&quot;:&quot;&quot;,&quot;sizes&quot;:[]}}\" data-widget_type=\"text-editor.default\">\n\t\t\t\t<div class=\"elementor-widget-container\">\n\t\t\t\t\t\t\t\t\t<p>\u00a0<\/p><p>Status &#8211; Indigenous Territory. Forest Guardians established since 2022.<\/p>\t\t\t\t\t\t\t\t<\/div>\n\t\t\t\t<\/div>\n\t\t\t\t\t<\/div>\n\t\t<\/div>\n\t\t\t\t<div class=\"elementor-column elementor-col-33 elementor-inner-column elementor-element elementor-element-f912438\" data-id=\"f912438\" data-element_type=\"column\">\n\t\t\t<div class=\"elementor-widget-wrap\">\n\t\t\t\t\t\t\t<\/div>\n\t\t<\/div>\n\t\t\t\t\t<\/div>\n\t\t<\/section>\n\t\t\t\t\t<\/div>\n\t\t<\/div>\n\t\t\t\t\t<\/div>\n\t\t<\/section>\n\t\t\t\t<section class=\"elementor-section elementor-top-section elementor-element elementor-element-1ab0008 elementor-section-content-middle elementor-section-boxed elementor-section-height-default elementor-section-height-default\" data-id=\"1ab0008\" data-element_type=\"section\">\n\t\t\t\t\t\t<div class=\"elementor-container elementor-column-gap-no\">\n\t\t\t\t\t<div class=\"elementor-column elementor-col-50 elementor-top-column elementor-element elementor-element-370ad33\" data-id=\"370ad33\" data-element_type=\"column\">\n\t\t\t<div class=\"elementor-widget-wrap elementor-element-populated\">\n\t\t\t\t\t\t<div class=\"elementor-element elementor-element-97203c3 elementor-widget elementor-widget-heading\" data-id=\"97203c3\" data-element_type=\"widget\" data-widget_type=\"heading.default\">\n\t\t\t\t<div class=\"elementor-widget-container\">\n\t\t\t\t\t<h2 class=\"elementor-heading-title elementor-size-default\">The TI Takuara,\n<br>has been\n<br>homologated\n<br>but not yet\n<br>demarcated.<\/h2>\t\t\t\t<\/div>\n\t\t\t\t<\/div>\n\t\t\t\t\t<\/div>\n\t\t<\/div>\n\t\t\t\t<div class=\"elementor-column elementor-col-50 elementor-top-column elementor-element elementor-element-0e11984\" data-id=\"0e11984\" data-element_type=\"column\">\n\t\t\t<div class=\"elementor-widget-wrap elementor-element-populated\">\n\t\t\t\t\t\t<div class=\"elementor-element elementor-element-47403df elementor-widget elementor-widget-text-editor\" data-id=\"47403df\" data-element_type=\"widget\" data-widget_type=\"text-editor.default\">\n\t\t\t\t<div class=\"elementor-widget-container\">\n\t\t\t\t\t\t\t\t\t<p>A aldeia Takuara do territ\u00f3rio Munduruku est\u00e1 localizada \u00e0s margens do Rio Tapaj\u00f3s, no estado do Par\u00e1, na Floresta Nacional (FLONA) do Tapaj\u00f3s. O territ\u00f3rio foi reconhecido e apoiado pela Portaria n\u00ba 568 de 11 de maio de 2016. Cerca de 200 pessoas vivem na aldeia, sendo atualmente mais de 50 fam\u00edlias. A \u00e1rea residencial est\u00e1 concentrada nas margens do Rio Tapaj\u00f3s, e a maior parte do territ\u00f3rio \u00e9 coberta por floresta.<\/p><p><em>Os Munduruku vivem nos estados do Par\u00e1, Amazonas e Mato Grosso h\u00e1 s\u00e9culos e hoje somam\naproximadamente 14.000 pessoas. Eles habitam florestas \u00e0s margens de rios naveg\u00e1veis em\nv\u00e1rias partes de terra demarcadas e n\u00e3o demarcadas. Eles est\u00e3o concentrados principalmente\nna demarcada TI Munduruku (2.382.000 ha). O territ\u00f3rio foi demarcado e registrado desde\n2004. No entanto, as cidades pr\u00f3ximas, como Itaituba, h\u00e1 muito tempo s\u00e3o um centro de\natividades ilegais, incluindo explora\u00e7\u00e3o de madeira, minera\u00e7\u00e3o, grilagem de terras e tr\u00e1fico\nilegal de drogas em terras ind\u00edgenas. A cidade vizinha de Jacareacanga \u00e9 a principal porta de\nentrada para a TI Munduruku e para a TI Sai Cinza e se tornou um ponto de explora\u00e7\u00e3o\nmineral, incluindo mangan\u00eas, cobre, bauxita, ouro, n\u00edquel e estanho. Alguns Munduruku vivem\nna TI Sai Cinza, que faz fronteira com a TI Munduruku, mas que ainda n\u00e3o foi demarcada.\nOutra \u00e1rea menor, a TI Sawre Muybu, sofre atualmente contesta\u00e7\u00e3o. A demarca\u00e7\u00e3o est\u00e1\nparalisada desde 2016. A TI Kayabi faz fronteira com a TI Munduruku ao sul e corre ao longo do\nrio Teles Pires. Mais acima do rio Teles Pires, a constru\u00e7\u00e3o das usinas hidrel\u00e9tricas de Teles\nPires e S\u00e3o Manuel destruiu cemit\u00e9rios e locais sagrados dos Munduruku em 2017-2018.<\/em><\/p>\t\t\t\t\t\t\t\t<\/div>\n\t\t\t\t<\/div>\n\t\t\t\t\t<\/div>\n\t\t<\/div>\n\t\t\t\t\t<\/div>\n\t\t<\/section>\n\t\t\t\t<section class=\"elementor-section elementor-top-section elementor-element elementor-element-98b273c elementor-section-content-middle elementor-reverse-mobile elementor-section-boxed elementor-section-height-default elementor-section-height-default\" data-id=\"98b273c\" data-element_type=\"section\">\n\t\t\t\t\t\t<div class=\"elementor-container elementor-column-gap-default\">\n\t\t\t\t\t<div class=\"elementor-column elementor-col-50 elementor-top-column elementor-element elementor-element-7e3e0d7\" data-id=\"7e3e0d7\" data-element_type=\"column\">\n\t\t\t<div class=\"elementor-widget-wrap elementor-element-populated\">\n\t\t\t\t\t\t<div class=\"elementor-element elementor-element-96f2155 elementor-widget elementor-widget-text-editor\" data-id=\"96f2155\" data-element_type=\"widget\" data-widget_type=\"text-editor.default\">\n\t\t\t\t<div class=\"elementor-widget-container\">\n\t\t\t\t\t\t\t\t\t<p>Em outubro de 2021, um membro da comunidade disse: 'As viola\u00e7\u00f5es dos direitos do povo Munduruku da aldeia Takuara intensificaram-se no per\u00edodo da pandemia de COVID-19. Com pouca supervis\u00e3o por parte dos \u00f3rg\u00e3os competentes, muitas pessoas n\u00e3o ind\u00edgenas t\u00eam roubado diversas toras de madeira de \u00e1rvores que s\u00e3o derrubadas ilegalmente... [causando-nos] v\u00e1rios danos materiais e imateriais, pois para n\u00f3s, povos ind\u00edgenas, nosso territ\u00f3rio n\u00e3o \u00e9 um supermercado onde as pessoas chegam, enchem seus carrinhos e saem. Trago como preocupa\u00e7\u00e3o que a viola\u00e7\u00e3o de direitos e a demora no procedimento administrativo tendem n\u00e3o apenas a continuar, mas a piorar.<\/p><p>\u00a0<\/p><p>Fonte<\/p><p>Observa\u00e7\u00f5es sobre o Estado dos Direitos Humanos dos Povos Ind\u00edgenas no Brasil Preparadas para o Conselho de Direitos Humanos das Na\u00e7\u00f5es Unidas: Out.-Nov. 2022 4\u00ba Ciclo da Revis\u00e3o Peri\u00f3dica Universal do Brasil 41\u00aa Sess\u00e3o do Conselho de Direitos Humanos.<\/p>\t\t\t\t\t\t\t\t<\/div>\n\t\t\t\t<\/div>\n\t\t\t\t\t<\/div>\n\t\t<\/div>\n\t\t\t\t<div class=\"elementor-column elementor-col-50 elementor-top-column elementor-element elementor-element-6eed668\" data-id=\"6eed668\" data-element_type=\"column\">\n\t\t\t<div class=\"elementor-widget-wrap elementor-element-populated\">\n\t\t\t\t\t\t<div class=\"elementor-element elementor-element-6b331dd elementor-widget elementor-widget-heading\" data-id=\"6b331dd\" data-element_type=\"widget\" data-widget_type=\"heading.default\">\n\t\t\t\t<div class=\"elementor-widget-container\">\n\t\t\t\t\t<h2 class=\"elementor-heading-title elementor-size-default\">In October 2021,<br> a community<br>member said\u200b<\/h2>\t\t\t\t<\/div>\n\t\t\t\t<\/div>\n\t\t\t\t\t<\/div>\n\t\t<\/div>\n\t\t\t\t\t<\/div>\n\t\t<\/section>\n\t\t\t\t<section class=\"elementor-section elementor-top-section elementor-element elementor-element-6c469f8 elementor-hidden-desktop elementor-hidden-tablet elementor-hidden-mobile elementor-section-boxed elementor-section-height-default elementor-section-height-default\" data-id=\"6c469f8\" data-element_type=\"section\">\n\t\t\t\t\t\t<div class=\"elementor-container elementor-column-gap-default\">\n\t\t\t\t\t<div class=\"elementor-column elementor-col-25 elementor-top-column elementor-element elementor-element-b92d42b\" data-id=\"b92d42b\" data-element_type=\"column\" data-settings=\"{&quot;background_background&quot;:&quot;classic&quot;}\">\n\t\t\t<div class=\"elementor-widget-wrap elementor-element-populated\">\n\t\t\t\t\t\t<div class=\"elementor-element elementor-element-95f8c7e elementor-align-justify elementor-widget elementor-widget-button\" data-id=\"95f8c7e\" data-element_type=\"widget\" data-widget_type=\"button.default\">\n\t\t\t\t<div class=\"elementor-widget-container\">\n\t\t\t\t\t\t\t\t\t<div class=\"elementor-button-wrapper\">\n\t\t\t\t\t<a class=\"elementor-button elementor-button-link elementor-size-sm\" href=\"https:\/\/rahulr.com\/treesistance\/maro-territory\/\">\n\t\t\t\t\t\t<span class=\"elementor-button-content-wrapper\">\n\t\t\t\t\t\t\t\t\t<span class=\"elementor-button-text\">MARO TERRITORY<\/span>\n\t\t\t\t\t<\/span>\n\t\t\t\t\t<\/a>\n\t\t\t\t<\/div>\n\t\t\t\t\t\t\t\t<\/div>\n\t\t\t\t<\/div>\n\t\t\t\t\t<\/div>\n\t\t<\/div>\n\t\t\t\t<div class=\"elementor-column elementor-col-25 elementor-top-column elementor-element elementor-element-3dc50ce\" data-id=\"3dc50ce\" data-element_type=\"column\" data-settings=\"{&quot;background_background&quot;:&quot;classic&quot;}\">\n\t\t\t<div class=\"elementor-widget-wrap elementor-element-populated\">\n\t\t\t\t\t\t<div class=\"elementor-element elementor-element-0a9f5b3 elementor-align-justify elementor-widget elementor-widget-button\" data-id=\"0a9f5b3\" data-element_type=\"widget\" data-widget_type=\"button.default\">\n\t\t\t\t<div class=\"elementor-widget-container\">\n\t\t\t\t\t\t\t\t\t<div class=\"elementor-button-wrapper\">\n\t\t\t\t\t<a class=\"elementor-button elementor-size-sm\" role=\"button\">\n\t\t\t\t\t\t<span class=\"elementor-button-content-wrapper\">\n\t\t\t\t\t\t\t\t\t<span class=\"elementor-button-text\">CALCUA TERRITORY<\/span>\n\t\t\t\t\t<\/span>\n\t\t\t\t\t<\/a>\n\t\t\t\t<\/div>\n\t\t\t\t\t\t\t\t<\/div>\n\t\t\t\t<\/div>\n\t\t\t\t\t<\/div>\n\t\t<\/div>\n\t\t\t\t<div class=\"elementor-column elementor-col-25 elementor-top-column elementor-element elementor-element-fd327d6\" data-id=\"fd327d6\" data-element_type=\"column\" data-settings=\"{&quot;background_background&quot;:&quot;classic&quot;}\">\n\t\t\t<div class=\"elementor-widget-wrap\">\n\t\t\t\t\t\t\t<\/div>\n\t\t<\/div>\n\t\t\t\t<div class=\"elementor-column elementor-col-25 elementor-top-column elementor-element elementor-element-f330b2b\" data-id=\"f330b2b\" data-element_type=\"column\" data-settings=\"{&quot;background_background&quot;:&quot;classic&quot;}\">\n\t\t\t<div class=\"elementor-widget-wrap\">\n\t\t\t\t\t\t\t<\/div>\n\t\t<\/div>\n\t\t\t\t\t<\/div>\n\t\t<\/section>\n\t\t\t\t<\/div>","protected":false},"excerpt":{"rendered":"<p>TAKUARA 250 Km2 Territory 1 COMMUNITY land rights approved MUNDURUKU \u00a0 Status &#8211; Indigenous Territory. Forest Guardians established since 2022. The TI Takuara, has been homologated but not yet demarcated. The Takuara village of the Munduruku territory is located on the shore of the Tapaj\u00f3s River, State of Par\u00e1, in the National Forest (FLONA) Tapaj\u00f3s. [&hellip;]<\/p>","protected":false},"author":1,"featured_media":0,"parent":0,"menu_order":0,"comment_status":"closed","ping_status":"closed","template":"elementor_header_footer","meta":{"inline_featured_image":false,"footnotes":""},"class_list":["post-4443","page","type-page","status-publish","hentry"],"yoast_head":"<!-- This site is optimized with the Yoast SEO plugin v26.1.1 - https:\/\/yoast.com\/wordpress\/plugins\/seo\/ -->\n<title>Takuara - Treesistance<\/title>\n<meta name=\"description\" content=\"Learn more about the Treesistance Forest Guardians in Takuara, Munduruku territory. Who protect their territory and ensure the conservation of the Tapaj\u00f3s National Forest.\" \/>\n<meta name=\"robots\" content=\"index, follow, max-snippet:-1, max-image-preview:large, max-video-preview:-1\" \/>\n<link rel=\"canonical\" href=\"https:\/\/treesistance.com\/pt\/takuara\/\" \/>\n<meta property=\"og:locale\" content=\"pt_BR\" \/>\n<meta property=\"og:type\" content=\"article\" \/>\n<meta property=\"og:title\" content=\"Takuara - Treesistance\" \/>\n<meta property=\"og:description\" content=\"Learn more about the Treesistance Forest Guardians in Takuara, Munduruku territory. Who protect their territory and ensure the conservation of the Tapaj\u00f3s National Forest.\" \/>\n<meta property=\"og:url\" content=\"https:\/\/treesistance.com\/pt\/takuara\/\" \/>\n<meta property=\"og:site_name\" content=\"Treesistance\" \/>\n<meta property=\"article:modified_time\" content=\"2024-07-16T02:51:20+00:00\" \/>\n<meta property=\"og:image\" content=\"https:\/\/treesistance.com\/wp-content\/uploads\/2023\/06\/cover.png\" \/>\n\t<meta property=\"og:image:width\" content=\"1280\" \/>\n\t<meta property=\"og:image:height\" content=\"720\" \/>\n\t<meta property=\"og:image:type\" content=\"image\/png\" \/>\n<meta name=\"twitter:card\" content=\"summary_large_image\" \/>\n<meta name=\"twitter:label1\" content=\"Est. tempo de leitura\" \/>\n\t<meta name=\"twitter:data1\" content=\"2 minutos\" \/>\n<script type=\"application\/ld+json\" class=\"yoast-schema-graph\">{\"@context\":\"https:\/\/schema.org\",\"@graph\":[{\"@type\":\"WebPage\",\"@id\":\"https:\/\/treesistance.com\/takuara\/\",\"url\":\"https:\/\/treesistance.com\/takuara\/\",\"name\":\"Takuara - Treesistance\",\"isPartOf\":{\"@id\":\"https:\/\/treesistance.com\/#website\"},\"datePublished\":\"2023-06-30T09:50:35+00:00\",\"dateModified\":\"2024-07-16T02:51:20+00:00\",\"description\":\"Learn more about the Treesistance Forest Guardians in Takuara, Munduruku territory. Who protect their territory and ensure the conservation of the Tapaj\u00f3s National Forest.\",\"breadcrumb\":{\"@id\":\"https:\/\/treesistance.com\/takuara\/#breadcrumb\"},\"inLanguage\":\"pt-BR\",\"potentialAction\":[{\"@type\":\"ReadAction\",\"target\":[\"https:\/\/treesistance.com\/takuara\/\"]}]},{\"@type\":\"BreadcrumbList\",\"@id\":\"https:\/\/treesistance.com\/takuara\/#breadcrumb\",\"itemListElement\":[{\"@type\":\"ListItem\",\"position\":1,\"name\":\"Home\",\"item\":\"https:\/\/treesistance.com\/\"},{\"@type\":\"ListItem\",\"position\":2,\"name\":\"Takuara\"}]},{\"@type\":\"WebSite\",\"@id\":\"https:\/\/treesistance.com\/#website\",\"url\":\"https:\/\/treesistance.com\/\",\"name\":\"Treesistance\",\"description\":\"Join the Treesistance\",\"publisher\":{\"@id\":\"https:\/\/treesistance.com\/#organization\"},\"alternateName\":\"Treesistance\",\"potentialAction\":[{\"@type\":\"SearchAction\",\"target\":{\"@type\":\"EntryPoint\",\"urlTemplate\":\"https:\/\/treesistance.com\/?s={search_term_string}\"},\"query-input\":{\"@type\":\"PropertyValueSpecification\",\"valueRequired\":true,\"valueName\":\"search_term_string\"}}],\"inLanguage\":\"pt-BR\"},{\"@type\":\"Organization\",\"@id\":\"https:\/\/treesistance.com\/#organization\",\"name\":\"Treesistance\",\"alternateName\":\"Treesistance\",\"url\":\"https:\/\/treesistance.com\/\",\"logo\":{\"@type\":\"ImageObject\",\"inLanguage\":\"pt-BR\",\"@id\":\"https:\/\/treesistance.com\/#\/schema\/logo\/image\/\",\"url\":\"https:\/\/treesistance.com\/wp-content\/uploads\/2023\/06\/logo-svg.png\",\"contentUrl\":\"https:\/\/treesistance.com\/wp-content\/uploads\/2023\/06\/logo-svg.png\",\"width\":696,\"height\":696,\"caption\":\"Treesistance\"},\"image\":{\"@id\":\"https:\/\/treesistance.com\/#\/schema\/logo\/image\/\"}}]}<\/script>\n<!-- \/ Yoast SEO plugin. -->","yoast_head_json":{"title":"Takuara - Treesistance","description":"Learn more about the Treesistance Forest Guardians in Takuara, Munduruku territory. Who protect their territory and ensure the conservation of the Tapaj\u00f3s National Forest.","robots":{"index":"index","follow":"follow","max-snippet":"max-snippet:-1","max-image-preview":"max-image-preview:large","max-video-preview":"max-video-preview:-1"},"canonical":"https:\/\/treesistance.com\/pt\/takuara\/","og_locale":"pt_BR","og_type":"article","og_title":"Takuara - Treesistance","og_description":"Learn more about the Treesistance Forest Guardians in Takuara, Munduruku territory. Who protect their territory and ensure the conservation of the Tapaj\u00f3s National Forest.","og_url":"https:\/\/treesistance.com\/pt\/takuara\/","og_site_name":"Treesistance","article_modified_time":"2024-07-16T02:51:20+00:00","og_image":[{"width":1280,"height":720,"url":"https:\/\/treesistance.com\/wp-content\/uploads\/2023\/06\/cover.png","type":"image\/png"}],"twitter_card":"summary_large_image","twitter_misc":{"Est. tempo de leitura":"2 minutos"},"schema":{"@context":"https:\/\/schema.org","@graph":[{"@type":"WebPage","@id":"https:\/\/treesistance.com\/takuara\/","url":"https:\/\/treesistance.com\/takuara\/","name":"Takuara - Treesistance","isPartOf":{"@id":"https:\/\/treesistance.com\/#website"},"datePublished":"2023-06-30T09:50:35+00:00","dateModified":"2024-07-16T02:51:20+00:00","description":"Learn more about the Treesistance Forest Guardians in Takuara, Munduruku territory. Who protect their territory and ensure the conservation of the Tapaj\u00f3s National Forest.","breadcrumb":{"@id":"https:\/\/treesistance.com\/takuara\/#breadcrumb"},"inLanguage":"pt-BR","potentialAction":[{"@type":"ReadAction","target":["https:\/\/treesistance.com\/takuara\/"]}]},{"@type":"BreadcrumbList","@id":"https:\/\/treesistance.com\/takuara\/#breadcrumb","itemListElement":[{"@type":"ListItem","position":1,"name":"Home","item":"https:\/\/treesistance.com\/"},{"@type":"ListItem","position":2,"name":"Takuara"}]},{"@type":"WebSite","@id":"https:\/\/treesistance.com\/#website","url":"https:\/\/treesistance.com\/","name":"Treesistance","description":"JUNTE-SE \u00c0 TREESISTANCE","publisher":{"@id":"https:\/\/treesistance.com\/#organization"},"alternateName":"Treesistance","potentialAction":[{"@type":"SearchAction","target":{"@type":"EntryPoint","urlTemplate":"https:\/\/treesistance.com\/?s={search_term_string}"},"query-input":{"@type":"PropertyValueSpecification","valueRequired":true,"valueName":"search_term_string"}}],"inLanguage":"pt-BR"},{"@type":"Organization","@id":"https:\/\/treesistance.com\/#organization","name":"Treesistance","alternateName":"Treesistance","url":"https:\/\/treesistance.com\/","logo":{"@type":"ImageObject","inLanguage":"pt-BR","@id":"https:\/\/treesistance.com\/#\/schema\/logo\/image\/","url":"https:\/\/treesistance.com\/wp-content\/uploads\/2023\/06\/logo-svg.png","contentUrl":"https:\/\/treesistance.com\/wp-content\/uploads\/2023\/06\/logo-svg.png","width":696,"height":696,"caption":"Treesistance"},"image":{"@id":"https:\/\/treesistance.com\/#\/schema\/logo\/image\/"}}]}},"_links":{"self":[{"href":"https:\/\/treesistance.com\/pt\/wp-json\/wp\/v2\/pages\/4443","targetHints":{"allow":["GET"]}}],"collection":[{"href":"https:\/\/treesistance.com\/pt\/wp-json\/wp\/v2\/pages"}],"about":[{"href":"https:\/\/treesistance.com\/pt\/wp-json\/wp\/v2\/types\/page"}],"author":[{"embeddable":true,"href":"https:\/\/treesistance.com\/pt\/wp-json\/wp\/v2\/users\/1"}],"replies":[{"embeddable":true,"href":"https:\/\/treesistance.com\/pt\/wp-json\/wp\/v2\/comments?post=4443"}],"version-history":[{"count":23,"href":"https:\/\/treesistance.com\/pt\/wp-json\/wp\/v2\/pages\/4443\/revisions"}],"predecessor-version":[{"id":6068,"href":"https:\/\/treesistance.com\/pt\/wp-json\/wp\/v2\/pages\/4443\/revisions\/6068"}],"wp:attachment":[{"href":"https:\/\/treesistance.com\/pt\/wp-json\/wp\/v2\/media?parent=4443"}],"curies":[{"name":"wp","href":"https:\/\/api.w.org\/{rel}","templated":true}]}}