{"id":4443,"date":"2023-06-30T09:50:35","date_gmt":"2023-06-30T09:50:35","guid":{"rendered":"https:\/\/treesistance.com\/?page_id=4443"},"modified":"2024-07-16T02:51:20","modified_gmt":"2024-07-16T02:51:20","slug":"takuara","status":"publish","type":"page","link":"https:\/\/treesistance.com\/es\/takuara\/","title":{"rendered":"Takuara"},"content":{"rendered":"<div data-elementor-type=\"wp-page\" data-elementor-id=\"4443\" class=\"elementor elementor-4443\" data-elementor-post-type=\"page\">\n\t\t\t\t\t\t<section class=\"elementor-section elementor-top-section elementor-element elementor-element-17fdc96 elementor-section-height-min-height elementor-section-full_width elementor-section-stretched header-large elementor-section-height-default elementor-section-items-middle\" data-id=\"17fdc96\" data-element_type=\"section\" data-settings=\"{&quot;background_background&quot;:&quot;classic&quot;,&quot;stretch_section&quot;:&quot;section-stretched&quot;}\">\n\t\t\t\t\t\t\t<div class=\"elementor-background-overlay\"><\/div>\n\t\t\t\t\t\t\t<div class=\"elementor-container elementor-column-gap-default\">\n\t\t\t\t\t<div class=\"elementor-column elementor-col-100 elementor-top-column elementor-element elementor-element-2955154\" data-id=\"2955154\" data-element_type=\"column\">\n\t\t\t<div class=\"elementor-widget-wrap elementor-element-populated\">\n\t\t\t\t\t\t<div class=\"elementor-element elementor-element-796d24c elementor-widget elementor-widget-heading\" data-id=\"796d24c\" data-element_type=\"widget\" data-widget_type=\"heading.default\">\n\t\t\t\t<div class=\"elementor-widget-container\">\n\t\t\t\t\t<h2 class=\"elementor-heading-title elementor-size-default\">TAKUARA <\/h2>\t\t\t\t<\/div>\n\t\t\t\t<\/div>\n\t\t\t\t\t<\/div>\n\t\t<\/div>\n\t\t\t\t\t<\/div>\n\t\t<\/section>\n\t\t\t\t<section class=\"elementor-section elementor-top-section elementor-element elementor-element-1cba101 elementor-section-full_width elementor-section-stretched elementor-section-height-default elementor-section-height-default\" data-id=\"1cba101\" data-element_type=\"section\" data-settings=\"{&quot;stretch_section&quot;:&quot;section-stretched&quot;}\">\n\t\t\t\t\t\t<div class=\"elementor-container elementor-column-gap-default\">\n\t\t\t\t\t<div class=\"elementor-column elementor-col-100 elementor-top-column elementor-element elementor-element-c558182\" data-id=\"c558182\" data-element_type=\"column\">\n\t\t\t<div class=\"elementor-widget-wrap elementor-element-populated\">\n\t\t\t\t\t\t<section class=\"elementor-section elementor-inner-section elementor-element elementor-element-37b0acb elementor-section-boxed elementor-section-height-default elementor-section-height-default\" data-id=\"37b0acb\" data-element_type=\"section\">\n\t\t\t\t\t\t<div class=\"elementor-container elementor-column-gap-default\">\n\t\t\t\t\t<div class=\"elementor-column elementor-col-25 elementor-inner-column elementor-element elementor-element-1adcc3f\" data-id=\"1adcc3f\" data-element_type=\"column\">\n\t\t\t<div class=\"elementor-widget-wrap elementor-element-populated\">\n\t\t\t\t\t\t<div class=\"elementor-element elementor-element-b2b42f9 elementor-widget elementor-widget-heading\" data-id=\"b2b42f9\" data-element_type=\"widget\" data-widget_type=\"heading.default\">\n\t\t\t\t<div class=\"elementor-widget-container\">\n\t\t\t\t\t<h2 class=\"elementor-heading-title elementor-size-default\">250 Km<sup>2<\/sup>  Territorio<\/h2>\t\t\t\t<\/div>\n\t\t\t\t<\/div>\n\t\t\t\t\t<\/div>\n\t\t<\/div>\n\t\t\t\t<div class=\"elementor-column elementor-col-25 elementor-inner-column elementor-element elementor-element-5c3f3f9\" data-id=\"5c3f3f9\" data-element_type=\"column\">\n\t\t\t<div class=\"elementor-widget-wrap elementor-element-populated\">\n\t\t\t\t\t\t<div class=\"elementor-element elementor-element-f3c1aba elementor-widget elementor-widget-heading\" data-id=\"f3c1aba\" data-element_type=\"widget\" data-widget_type=\"heading.default\">\n\t\t\t\t<div class=\"elementor-widget-container\">\n\t\t\t\t\t<h2 class=\"elementor-heading-title elementor-size-default\">1 COMUNIDAD<\/h2>\t\t\t\t<\/div>\n\t\t\t\t<\/div>\n\t\t\t\t\t<\/div>\n\t\t<\/div>\n\t\t\t\t<div class=\"elementor-column elementor-col-25 elementor-inner-column elementor-element elementor-element-0961fad\" data-id=\"0961fad\" data-element_type=\"column\">\n\t\t\t<div class=\"elementor-widget-wrap elementor-element-populated\">\n\t\t\t\t\t\t<div class=\"elementor-element elementor-element-de61c68 elementor-widget elementor-widget-heading\" data-id=\"de61c68\" data-element_type=\"widget\" data-widget_type=\"heading.default\">\n\t\t\t\t<div class=\"elementor-widget-container\">\n\t\t\t\t\t<h2 class=\"elementor-heading-title elementor-size-default\">derechos de tierra aprobados<\/h2>\t\t\t\t<\/div>\n\t\t\t\t<\/div>\n\t\t\t\t\t<\/div>\n\t\t<\/div>\n\t\t\t\t<div class=\"elementor-column elementor-col-25 elementor-inner-column elementor-element elementor-element-f60345a\" data-id=\"f60345a\" data-element_type=\"column\">\n\t\t\t<div class=\"elementor-widget-wrap elementor-element-populated\">\n\t\t\t\t\t\t<div class=\"elementor-element elementor-element-b0583b7 elementor-widget elementor-widget-heading\" data-id=\"b0583b7\" data-element_type=\"widget\" data-widget_type=\"heading.default\">\n\t\t\t\t<div class=\"elementor-widget-container\">\n\t\t\t\t\t<h2 class=\"elementor-heading-title elementor-size-default\">MUNDURUK\u00da<\/h2>\t\t\t\t<\/div>\n\t\t\t\t<\/div>\n\t\t\t\t\t<\/div>\n\t\t<\/div>\n\t\t\t\t\t<\/div>\n\t\t<\/section>\n\t\t\t\t<section class=\"elementor-section elementor-inner-section elementor-element elementor-element-ab7b2fe elementor-section-boxed elementor-section-height-default elementor-section-height-default\" data-id=\"ab7b2fe\" data-element_type=\"section\">\n\t\t\t\t\t\t<div class=\"elementor-container elementor-column-gap-default\">\n\t\t\t\t\t<div class=\"elementor-column elementor-col-33 elementor-inner-column elementor-element elementor-element-78915b1\" data-id=\"78915b1\" data-element_type=\"column\">\n\t\t\t<div class=\"elementor-widget-wrap\">\n\t\t\t\t\t\t\t<\/div>\n\t\t<\/div>\n\t\t\t\t<div class=\"elementor-column elementor-col-33 elementor-inner-column elementor-element elementor-element-3e85861\" data-id=\"3e85861\" data-element_type=\"column\">\n\t\t\t<div class=\"elementor-widget-wrap elementor-element-populated\">\n\t\t\t\t\t\t<div class=\"elementor-element elementor-element-fc24dc9 e-transform elementor-widget elementor-widget-text-editor\" data-id=\"fc24dc9\" data-element_type=\"widget\" data-settings=\"{&quot;_transform_translateY_effect&quot;:{&quot;unit&quot;:&quot;px&quot;,&quot;size&quot;:-35,&quot;sizes&quot;:[]},&quot;_transform_translateY_effect_tablet&quot;:{&quot;unit&quot;:&quot;px&quot;,&quot;size&quot;:-60,&quot;sizes&quot;:[]},&quot;_transform_translateY_effect_mobile&quot;:{&quot;unit&quot;:&quot;px&quot;,&quot;size&quot;:0,&quot;sizes&quot;:[]},&quot;_transform_translateX_effect_mobile&quot;:{&quot;unit&quot;:&quot;px&quot;,&quot;size&quot;:0,&quot;sizes&quot;:[]},&quot;_transform_translateX_effect&quot;:{&quot;unit&quot;:&quot;px&quot;,&quot;size&quot;:&quot;&quot;,&quot;sizes&quot;:[]},&quot;_transform_translateX_effect_tablet&quot;:{&quot;unit&quot;:&quot;px&quot;,&quot;size&quot;:&quot;&quot;,&quot;sizes&quot;:[]}}\" data-widget_type=\"text-editor.default\">\n\t\t\t\t<div class=\"elementor-widget-container\">\n\t\t\t\t\t\t\t\t\t<p>\u00a0<\/p><p>Estatus \u2013 Territorio Ind\u00edgena. Forest Guardians establecido desde 2022.<\/p>\t\t\t\t\t\t\t\t<\/div>\n\t\t\t\t<\/div>\n\t\t\t\t\t<\/div>\n\t\t<\/div>\n\t\t\t\t<div class=\"elementor-column elementor-col-33 elementor-inner-column elementor-element elementor-element-f912438\" data-id=\"f912438\" data-element_type=\"column\">\n\t\t\t<div class=\"elementor-widget-wrap\">\n\t\t\t\t\t\t\t<\/div>\n\t\t<\/div>\n\t\t\t\t\t<\/div>\n\t\t<\/section>\n\t\t\t\t\t<\/div>\n\t\t<\/div>\n\t\t\t\t\t<\/div>\n\t\t<\/section>\n\t\t\t\t<section class=\"elementor-section elementor-top-section elementor-element elementor-element-1ab0008 elementor-section-content-middle elementor-section-boxed elementor-section-height-default elementor-section-height-default\" data-id=\"1ab0008\" data-element_type=\"section\">\n\t\t\t\t\t\t<div class=\"elementor-container elementor-column-gap-no\">\n\t\t\t\t\t<div class=\"elementor-column elementor-col-50 elementor-top-column elementor-element elementor-element-370ad33\" data-id=\"370ad33\" data-element_type=\"column\">\n\t\t\t<div class=\"elementor-widget-wrap elementor-element-populated\">\n\t\t\t\t\t\t<div class=\"elementor-element elementor-element-97203c3 elementor-widget elementor-widget-heading\" data-id=\"97203c3\" data-element_type=\"widget\" data-widget_type=\"heading.default\">\n\t\t\t\t<div class=\"elementor-widget-container\">\n\t\t\t\t\t<h2 class=\"elementor-heading-title elementor-size-default\">The TI Takuara,\n<br>has been\n<br>homologated\n<br>but not yet\n<br>demarcated.<\/h2>\t\t\t\t<\/div>\n\t\t\t\t<\/div>\n\t\t\t\t\t<\/div>\n\t\t<\/div>\n\t\t\t\t<div class=\"elementor-column elementor-col-50 elementor-top-column elementor-element elementor-element-0e11984\" data-id=\"0e11984\" data-element_type=\"column\">\n\t\t\t<div class=\"elementor-widget-wrap elementor-element-populated\">\n\t\t\t\t\t\t<div class=\"elementor-element elementor-element-47403df elementor-widget elementor-widget-text-editor\" data-id=\"47403df\" data-element_type=\"widget\" data-widget_type=\"text-editor.default\">\n\t\t\t\t<div class=\"elementor-widget-container\">\n\t\t\t\t\t\t\t\t\t<p>La aldea Takuara del territorio Munduruku est\u00e1 ubicada a orillas del r\u00edo Tapaj\u00f3s, Estado de Par\u00e1, en el Bosque Nacional (FLONA) Tapaj\u00f3s. Territorio reconocido y apoyado por la Ordenanza n\u00fam. 568 del 11 de mayo de 2016. Unas 200 personas dentro del pueblo, siendo m\u00e1s de 50 familias actualmente. La zona residencial se concentra a orillas del r\u00edo Tapaj\u00f3s y la mayor parte del territorio se concentra en bosques.<\/p><p><em>Los munduruk\u00fa han vivido en los estados de Par\u00e1, Amazonas y Mato Grosso durante siglos y hoy comprenden aproximadamente 14.000 personas.29 Habitan bosques en las m\u00e1rgenes de r\u00edos navegables a lo largo de m\u00faltiples extensiones de tierra demarcadas y no demarcadas. Se concentran principalmente en la TI Munduruku demarcada (2.382.000 ha). El territorio ha sido demarcado y registrado desde 2004. Sin embargo, las ciudades fronterizas, como Itaituba, han sido durante mucho tiempo un centro de actividades ilegales, incluida la explotaci\u00f3n maderera, la miner\u00eda, la apropiaci\u00f3n de tierras y el tr\u00e1fico ilegal de drogas en tierras ind\u00edgenas. La ciudad vecina de Jacareacanga es la principal puerta de entrada a TI Munduruku y TI Sai Cinza y se ha convertido en un punto de extracci\u00f3n de minerales, incluidos manganeso, cobre, bauxita, oro, n\u00edquel y esta\u00f1o.3031 Algunos pueblos munduruk\u00fa viven en TI Sai Cinza, que Limita con TI Munduruku pero a\u00fan no est\u00e1 demarcado. Otra \u00e1rea m\u00e1s peque\u00f1a, TI Sawre Muybu, est\u00e1 actualmente en disputa. La demarcaci\u00f3n est\u00e1 estancada desde 2016. TI Kayabi limita con TI Munduruku al sur y discurre a lo largo del r\u00edo Teles Pires. M\u00e1s arriba en el r\u00edo Teles Pires, la construcci\u00f3n de las represas hidroel\u00e9ctricas de Teles Pires y Sao Manuel destruy\u00f3 cementerios y sitios sagrados Munduruku en 2017-2018.32<\/em><\/p>\t\t\t\t\t\t\t\t<\/div>\n\t\t\t\t<\/div>\n\t\t\t\t\t<\/div>\n\t\t<\/div>\n\t\t\t\t\t<\/div>\n\t\t<\/section>\n\t\t\t\t<section class=\"elementor-section elementor-top-section elementor-element elementor-element-98b273c elementor-section-content-middle elementor-reverse-mobile elementor-section-boxed elementor-section-height-default elementor-section-height-default\" data-id=\"98b273c\" data-element_type=\"section\">\n\t\t\t\t\t\t<div class=\"elementor-container elementor-column-gap-default\">\n\t\t\t\t\t<div class=\"elementor-column elementor-col-50 elementor-top-column elementor-element elementor-element-7e3e0d7\" data-id=\"7e3e0d7\" data-element_type=\"column\">\n\t\t\t<div class=\"elementor-widget-wrap elementor-element-populated\">\n\t\t\t\t\t\t<div class=\"elementor-element elementor-element-96f2155 elementor-widget elementor-widget-text-editor\" data-id=\"96f2155\" data-element_type=\"widget\" data-widget_type=\"text-editor.default\">\n\t\t\t\t<div class=\"elementor-widget-container\">\n\t\t\t\t\t\t\t\t\t<p>' Las violaciones a los derechos del pueblo Munduruk\u00fa de la aldea Taquara se han intensificado, en el per\u00edodo de la pandemia de COVID-19, y la poca supervisi\u00f3n por parte de los \u00f3rganos competentes, muchos no ind\u00edgenas han robado varios troncos de madera de los \u00e1rboles. que son talados ilegalmente\u2026[caus\u00e1ndonos] varios da\u00f1os materiales e inmateriales, ya que para nosotros, los Pueblos Ind\u00edgenas, nuestro territorio no es un supermercado donde la gente llega, llena sus carritos y se va. Traigo como preocupaci\u00f3n que la vulneraci\u00f3n de derechos y la demora del procedimiento administrativo, tiende no s\u00f3lo a continuar, sino a agravarse\u2019<\/p><p>\u00a0<\/p><p>Fuente<\/p><p>Observaciones sobre el estado de los derechos humanos ind\u00edgenas en Brasil Preparadas para el Consejo de Derechos Humanos de las Naciones Unidas: octubre-noviembre. 2022 4\u00b0 Ciclo del Examen Peri\u00f3dico Universal de Brasil 41\u00b0 Sesi\u00f3n del Consejo de Derechos Humanos<\/p>\t\t\t\t\t\t\t\t<\/div>\n\t\t\t\t<\/div>\n\t\t\t\t\t<\/div>\n\t\t<\/div>\n\t\t\t\t<div class=\"elementor-column elementor-col-50 elementor-top-column elementor-element elementor-element-6eed668\" data-id=\"6eed668\" data-element_type=\"column\">\n\t\t\t<div class=\"elementor-widget-wrap elementor-element-populated\">\n\t\t\t\t\t\t<div class=\"elementor-element elementor-element-6b331dd elementor-widget elementor-widget-heading\" data-id=\"6b331dd\" data-element_type=\"widget\" data-widget_type=\"heading.default\">\n\t\t\t\t<div class=\"elementor-widget-container\">\n\t\t\t\t\t<h2 class=\"elementor-heading-title elementor-size-default\">In October 2021,<br> a community<br>member said\u200b<\/h2>\t\t\t\t<\/div>\n\t\t\t\t<\/div>\n\t\t\t\t\t<\/div>\n\t\t<\/div>\n\t\t\t\t\t<\/div>\n\t\t<\/section>\n\t\t\t\t<section class=\"elementor-section elementor-top-section elementor-element elementor-element-6c469f8 elementor-hidden-desktop elementor-hidden-tablet elementor-hidden-mobile elementor-section-boxed elementor-section-height-default elementor-section-height-default\" data-id=\"6c469f8\" data-element_type=\"section\">\n\t\t\t\t\t\t<div class=\"elementor-container elementor-column-gap-default\">\n\t\t\t\t\t<div class=\"elementor-column elementor-col-25 elementor-top-column elementor-element elementor-element-b92d42b\" data-id=\"b92d42b\" data-element_type=\"column\" data-settings=\"{&quot;background_background&quot;:&quot;classic&quot;}\">\n\t\t\t<div class=\"elementor-widget-wrap elementor-element-populated\">\n\t\t\t\t\t\t<div class=\"elementor-element elementor-element-95f8c7e elementor-align-justify elementor-widget elementor-widget-button\" data-id=\"95f8c7e\" data-element_type=\"widget\" data-widget_type=\"button.default\">\n\t\t\t\t<div class=\"elementor-widget-container\">\n\t\t\t\t\t\t\t\t\t<div class=\"elementor-button-wrapper\">\n\t\t\t\t\t<a class=\"elementor-button elementor-button-link elementor-size-sm\" href=\"https:\/\/rahulr.com\/treesistance\/maro-territory\/\">\n\t\t\t\t\t\t<span class=\"elementor-button-content-wrapper\">\n\t\t\t\t\t\t\t\t\t<span class=\"elementor-button-text\">MARO TERRITORY<\/span>\n\t\t\t\t\t<\/span>\n\t\t\t\t\t<\/a>\n\t\t\t\t<\/div>\n\t\t\t\t\t\t\t\t<\/div>\n\t\t\t\t<\/div>\n\t\t\t\t\t<\/div>\n\t\t<\/div>\n\t\t\t\t<div class=\"elementor-column elementor-col-25 elementor-top-column elementor-element elementor-element-3dc50ce\" data-id=\"3dc50ce\" data-element_type=\"column\" data-settings=\"{&quot;background_background&quot;:&quot;classic&quot;}\">\n\t\t\t<div class=\"elementor-widget-wrap elementor-element-populated\">\n\t\t\t\t\t\t<div class=\"elementor-element elementor-element-0a9f5b3 elementor-align-justify elementor-widget elementor-widget-button\" data-id=\"0a9f5b3\" data-element_type=\"widget\" data-widget_type=\"button.default\">\n\t\t\t\t<div class=\"elementor-widget-container\">\n\t\t\t\t\t\t\t\t\t<div class=\"elementor-button-wrapper\">\n\t\t\t\t\t<a class=\"elementor-button elementor-size-sm\" role=\"button\">\n\t\t\t\t\t\t<span class=\"elementor-button-content-wrapper\">\n\t\t\t\t\t\t\t\t\t<span class=\"elementor-button-text\">CALCUA TERRITORY<\/span>\n\t\t\t\t\t<\/span>\n\t\t\t\t\t<\/a>\n\t\t\t\t<\/div>\n\t\t\t\t\t\t\t\t<\/div>\n\t\t\t\t<\/div>\n\t\t\t\t\t<\/div>\n\t\t<\/div>\n\t\t\t\t<div class=\"elementor-column elementor-col-25 elementor-top-column elementor-element elementor-element-fd327d6\" data-id=\"fd327d6\" data-element_type=\"column\" data-settings=\"{&quot;background_background&quot;:&quot;classic&quot;}\">\n\t\t\t<div class=\"elementor-widget-wrap\">\n\t\t\t\t\t\t\t<\/div>\n\t\t<\/div>\n\t\t\t\t<div class=\"elementor-column elementor-col-25 elementor-top-column elementor-element elementor-element-f330b2b\" data-id=\"f330b2b\" data-element_type=\"column\" data-settings=\"{&quot;background_background&quot;:&quot;classic&quot;}\">\n\t\t\t<div class=\"elementor-widget-wrap\">\n\t\t\t\t\t\t\t<\/div>\n\t\t<\/div>\n\t\t\t\t\t<\/div>\n\t\t<\/section>\n\t\t\t\t<\/div>","protected":false},"excerpt":{"rendered":"<p>TAKUARA 250 Km2 Territory 1 COMMUNITY land rights approved MUNDURUKU \u00a0 Status &#8211; Indigenous Territory. Forest Guardians established since 2022. The TI Takuara, has been homologated but not yet demarcated. The Takuara village of the Munduruku territory is located on the shore of the Tapaj\u00f3s River, State of Par\u00e1, in the National Forest (FLONA) Tapaj\u00f3s. [&hellip;]<\/p>","protected":false},"author":1,"featured_media":0,"parent":0,"menu_order":0,"comment_status":"closed","ping_status":"closed","template":"elementor_header_footer","meta":{"inline_featured_image":false,"footnotes":""},"class_list":["post-4443","page","type-page","status-publish","hentry"],"yoast_head":"<!-- This site is optimized with the Yoast SEO plugin v26.1.1 - https:\/\/yoast.com\/wordpress\/plugins\/seo\/ -->\n<title>Takuara - Treesistance<\/title>\n<meta name=\"description\" content=\"Learn more about the Treesistance Forest Guardians in Takuara, Munduruku territory. Who protect their territory and ensure the conservation of the Tapaj\u00f3s National Forest.\" \/>\n<meta name=\"robots\" content=\"index, follow, max-snippet:-1, max-image-preview:large, max-video-preview:-1\" \/>\n<link rel=\"canonical\" href=\"https:\/\/treesistance.com\/es\/takuara\/\" \/>\n<meta property=\"og:locale\" content=\"es_ES\" \/>\n<meta property=\"og:type\" content=\"article\" \/>\n<meta property=\"og:title\" content=\"Takuara - Treesistance\" \/>\n<meta property=\"og:description\" content=\"Learn more about the Treesistance Forest Guardians in Takuara, Munduruku territory. Who protect their territory and ensure the conservation of the Tapaj\u00f3s National Forest.\" \/>\n<meta property=\"og:url\" content=\"https:\/\/treesistance.com\/es\/takuara\/\" \/>\n<meta property=\"og:site_name\" content=\"Treesistance\" \/>\n<meta property=\"article:modified_time\" content=\"2024-07-16T02:51:20+00:00\" \/>\n<meta property=\"og:image\" content=\"https:\/\/treesistance.com\/wp-content\/uploads\/2023\/06\/cover.png\" \/>\n\t<meta property=\"og:image:width\" content=\"1280\" \/>\n\t<meta property=\"og:image:height\" content=\"720\" \/>\n\t<meta property=\"og:image:type\" content=\"image\/png\" \/>\n<meta name=\"twitter:card\" content=\"summary_large_image\" \/>\n<meta name=\"twitter:label1\" content=\"Tiempo de lectura\" \/>\n\t<meta name=\"twitter:data1\" content=\"2 minutos\" \/>\n<script type=\"application\/ld+json\" class=\"yoast-schema-graph\">{\"@context\":\"https:\/\/schema.org\",\"@graph\":[{\"@type\":\"WebPage\",\"@id\":\"https:\/\/treesistance.com\/takuara\/\",\"url\":\"https:\/\/treesistance.com\/takuara\/\",\"name\":\"Takuara - Treesistance\",\"isPartOf\":{\"@id\":\"https:\/\/treesistance.com\/#website\"},\"datePublished\":\"2023-06-30T09:50:35+00:00\",\"dateModified\":\"2024-07-16T02:51:20+00:00\",\"description\":\"Learn more about the Treesistance Forest Guardians in Takuara, Munduruku territory. Who protect their territory and ensure the conservation of the Tapaj\u00f3s National Forest.\",\"breadcrumb\":{\"@id\":\"https:\/\/treesistance.com\/takuara\/#breadcrumb\"},\"inLanguage\":\"es\",\"potentialAction\":[{\"@type\":\"ReadAction\",\"target\":[\"https:\/\/treesistance.com\/takuara\/\"]}]},{\"@type\":\"BreadcrumbList\",\"@id\":\"https:\/\/treesistance.com\/takuara\/#breadcrumb\",\"itemListElement\":[{\"@type\":\"ListItem\",\"position\":1,\"name\":\"Home\",\"item\":\"https:\/\/treesistance.com\/\"},{\"@type\":\"ListItem\",\"position\":2,\"name\":\"Takuara\"}]},{\"@type\":\"WebSite\",\"@id\":\"https:\/\/treesistance.com\/#website\",\"url\":\"https:\/\/treesistance.com\/\",\"name\":\"Treesistance\",\"description\":\"Join the Treesistance\",\"publisher\":{\"@id\":\"https:\/\/treesistance.com\/#organization\"},\"alternateName\":\"Treesistance\",\"potentialAction\":[{\"@type\":\"SearchAction\",\"target\":{\"@type\":\"EntryPoint\",\"urlTemplate\":\"https:\/\/treesistance.com\/?s={search_term_string}\"},\"query-input\":{\"@type\":\"PropertyValueSpecification\",\"valueRequired\":true,\"valueName\":\"search_term_string\"}}],\"inLanguage\":\"es\"},{\"@type\":\"Organization\",\"@id\":\"https:\/\/treesistance.com\/#organization\",\"name\":\"Treesistance\",\"alternateName\":\"Treesistance\",\"url\":\"https:\/\/treesistance.com\/\",\"logo\":{\"@type\":\"ImageObject\",\"inLanguage\":\"es\",\"@id\":\"https:\/\/treesistance.com\/#\/schema\/logo\/image\/\",\"url\":\"https:\/\/treesistance.com\/wp-content\/uploads\/2023\/06\/logo-svg.png\",\"contentUrl\":\"https:\/\/treesistance.com\/wp-content\/uploads\/2023\/06\/logo-svg.png\",\"width\":696,\"height\":696,\"caption\":\"Treesistance\"},\"image\":{\"@id\":\"https:\/\/treesistance.com\/#\/schema\/logo\/image\/\"}}]}<\/script>\n<!-- \/ Yoast SEO plugin. -->","yoast_head_json":{"title":"Takuara - Treesistance","description":"Learn more about the Treesistance Forest Guardians in Takuara, Munduruku territory. Who protect their territory and ensure the conservation of the Tapaj\u00f3s National Forest.","robots":{"index":"index","follow":"follow","max-snippet":"max-snippet:-1","max-image-preview":"max-image-preview:large","max-video-preview":"max-video-preview:-1"},"canonical":"https:\/\/treesistance.com\/es\/takuara\/","og_locale":"es_ES","og_type":"article","og_title":"Takuara - Treesistance","og_description":"Learn more about the Treesistance Forest Guardians in Takuara, Munduruku territory. Who protect their territory and ensure the conservation of the Tapaj\u00f3s National Forest.","og_url":"https:\/\/treesistance.com\/es\/takuara\/","og_site_name":"Treesistance","article_modified_time":"2024-07-16T02:51:20+00:00","og_image":[{"width":1280,"height":720,"url":"https:\/\/treesistance.com\/wp-content\/uploads\/2023\/06\/cover.png","type":"image\/png"}],"twitter_card":"summary_large_image","twitter_misc":{"Tiempo de lectura":"2 minutos"},"schema":{"@context":"https:\/\/schema.org","@graph":[{"@type":"WebPage","@id":"https:\/\/treesistance.com\/takuara\/","url":"https:\/\/treesistance.com\/takuara\/","name":"Takuara - Treesistance","isPartOf":{"@id":"https:\/\/treesistance.com\/#website"},"datePublished":"2023-06-30T09:50:35+00:00","dateModified":"2024-07-16T02:51:20+00:00","description":"Learn more about the Treesistance Forest Guardians in Takuara, Munduruku territory. Who protect their territory and ensure the conservation of the Tapaj\u00f3s National Forest.","breadcrumb":{"@id":"https:\/\/treesistance.com\/takuara\/#breadcrumb"},"inLanguage":"es","potentialAction":[{"@type":"ReadAction","target":["https:\/\/treesistance.com\/takuara\/"]}]},{"@type":"BreadcrumbList","@id":"https:\/\/treesistance.com\/takuara\/#breadcrumb","itemListElement":[{"@type":"ListItem","position":1,"name":"Home","item":"https:\/\/treesistance.com\/"},{"@type":"ListItem","position":2,"name":"Takuara"}]},{"@type":"WebSite","@id":"https:\/\/treesistance.com\/#website","url":"https:\/\/treesistance.com\/","name":"Treesistance","description":"\u00danete a Treesistence","publisher":{"@id":"https:\/\/treesistance.com\/#organization"},"alternateName":"Treesistance","potentialAction":[{"@type":"SearchAction","target":{"@type":"EntryPoint","urlTemplate":"https:\/\/treesistance.com\/?s={search_term_string}"},"query-input":{"@type":"PropertyValueSpecification","valueRequired":true,"valueName":"search_term_string"}}],"inLanguage":"es"},{"@type":"Organization","@id":"https:\/\/treesistance.com\/#organization","name":"Treesistance","alternateName":"Treesistance","url":"https:\/\/treesistance.com\/","logo":{"@type":"ImageObject","inLanguage":"es","@id":"https:\/\/treesistance.com\/#\/schema\/logo\/image\/","url":"https:\/\/treesistance.com\/wp-content\/uploads\/2023\/06\/logo-svg.png","contentUrl":"https:\/\/treesistance.com\/wp-content\/uploads\/2023\/06\/logo-svg.png","width":696,"height":696,"caption":"Treesistance"},"image":{"@id":"https:\/\/treesistance.com\/#\/schema\/logo\/image\/"}}]}},"_links":{"self":[{"href":"https:\/\/treesistance.com\/es\/wp-json\/wp\/v2\/pages\/4443","targetHints":{"allow":["GET"]}}],"collection":[{"href":"https:\/\/treesistance.com\/es\/wp-json\/wp\/v2\/pages"}],"about":[{"href":"https:\/\/treesistance.com\/es\/wp-json\/wp\/v2\/types\/page"}],"author":[{"embeddable":true,"href":"https:\/\/treesistance.com\/es\/wp-json\/wp\/v2\/users\/1"}],"replies":[{"embeddable":true,"href":"https:\/\/treesistance.com\/es\/wp-json\/wp\/v2\/comments?post=4443"}],"version-history":[{"count":23,"href":"https:\/\/treesistance.com\/es\/wp-json\/wp\/v2\/pages\/4443\/revisions"}],"predecessor-version":[{"id":6068,"href":"https:\/\/treesistance.com\/es\/wp-json\/wp\/v2\/pages\/4443\/revisions\/6068"}],"wp:attachment":[{"href":"https:\/\/treesistance.com\/es\/wp-json\/wp\/v2\/media?parent=4443"}],"curies":[{"name":"wp","href":"https:\/\/api.w.org\/{rel}","templated":true}]}}